{"id":711,"date":"2024-11-12T20:48:50","date_gmt":"2024-11-12T19:48:50","guid":{"rendered":"http:\/\/goattrail.fr\/?page_id=711"},"modified":"2026-02-16T11:56:57","modified_gmt":"2026-02-16T10:56:57","slug":"inscriptions","status":"publish","type":"page","link":"https:\/\/goattrail.fr\/?page_id=711","title":{"rendered":"Inscriptions"},"content":{"rendered":"\t\t<div data-elementor-type=\"wp-page\" data-elementor-id=\"711\" class=\"elementor elementor-711\">\n\t\t\t\t<div class=\"elementor-element elementor-element-37e5730 e-con-full e-flex e-con e-parent\" data-id=\"37e5730\" data-element_type=\"container\" data-e-type=\"container\" data-settings=\"{&quot;background_background&quot;:&quot;classic&quot;}\">\n\t\t\t\t<div class=\"elementor-element elementor-element-107b07d elementor-widget elementor-widget-image\" data-id=\"107b07d\" data-element_type=\"widget\" data-e-type=\"widget\" data-widget_type=\"image.default\">\n\t\t\t\t<div class=\"elementor-widget-container\">\n\t\t\t\t\t\t\t\t\t\t\t\t\t\t\t<img fetchpriority=\"high\" decoding=\"async\" width=\"278\" height=\"262\" src=\"https:\/\/goattrail.fr\/wp-content\/uploads\/2024\/11\/Logo-goat-trail-final-11.png\" class=\"attachment-large size-large wp-image-10\" alt=\"\" \/>\t\t\t\t\t\t\t\t\t\t\t\t\t\t\t<\/div>\n\t\t\t\t<\/div>\n\t\t\t\t<div class=\"elementor-element elementor-element-f51efda elementor-widget elementor-widget-heading\" data-id=\"f51efda\" data-element_type=\"widget\" data-e-type=\"widget\" data-widget_type=\"heading.default\">\n\t\t\t\t<div class=\"elementor-widget-container\">\n\t\t\t\t\t<h2 class=\"elementor-heading-title elementor-size-default\">Les inscriptions<\/h2>\t\t\t\t<\/div>\n\t\t\t\t<\/div>\n\t\t\t\t<\/div>\n\t\t<div class=\"elementor-element elementor-element-b46d8e8 e-grid e-con-boxed e-con e-parent\" data-id=\"b46d8e8\" data-element_type=\"container\" data-e-type=\"container\">\n\t\t\t\t\t<div class=\"e-con-inner\">\n\t\t<div class=\"elementor-element elementor-element-99d6a80 e-con-full e-flex e-con e-child\" data-id=\"99d6a80\" data-element_type=\"container\" data-e-type=\"container\" data-settings=\"{&quot;background_background&quot;:&quot;classic&quot;}\">\n\t\t<div class=\"elementor-element elementor-element-a54986c e-con-full e-flex e-con e-child\" data-id=\"a54986c\" data-element_type=\"container\" data-e-type=\"container\" data-settings=\"{&quot;background_background&quot;:&quot;classic&quot;}\">\n\t\t\t\t<div class=\"elementor-element elementor-element-0dd524c elementor-align-left hero-btn elementor-widget elementor-widget-button\" data-id=\"0dd524c\" data-element_type=\"widget\" data-e-type=\"widget\" data-widget_type=\"button.default\">\n\t\t\t\t<div class=\"elementor-widget-container\">\n\t\t\t\t\t\t\t\t\t<div class=\"elementor-button-wrapper\">\n\t\t\t\t\t<a class=\"elementor-button elementor-button-link elementor-size-sm\" href=\"https:\/\/new.sportsnconnect.com\/members\/events\/registration\/trials\/4qPPxVUoxCj9egAM8fghEQ\" target=\"_blank\">\n\t\t\t\t\t\t<span class=\"elementor-button-content-wrapper\">\n\t\t\t\t\t\t\t\t\t<span class=\"elementor-button-text\">Inscription 10 kms<\/span>\n\t\t\t\t\t<\/span>\n\t\t\t\t\t<\/a>\n\t\t\t\t<\/div>\n\t\t\t\t\t\t\t\t<\/div>\n\t\t\t\t<\/div>\n\t\t\t\t<div class=\"elementor-element elementor-element-d3ece4d elementor-align-left hero-btn elementor-widget elementor-widget-button\" data-id=\"d3ece4d\" data-element_type=\"widget\" data-e-type=\"widget\" data-widget_type=\"button.default\">\n\t\t\t\t<div class=\"elementor-widget-container\">\n\t\t\t\t\t\t\t\t\t<div class=\"elementor-button-wrapper\">\n\t\t\t\t\t<a class=\"elementor-button elementor-button-link elementor-size-sm\" href=\"https:\/\/new.sportsnconnect.com\/members\/events\/registration\/trials\/4qPPxVUoxCj9egAM8fghEQ\" target=\"_blank\">\n\t\t\t\t\t\t<span class=\"elementor-button-content-wrapper\">\n\t\t\t\t\t\t\t\t\t<span class=\"elementor-button-text\">Inscription 20 Kms<\/span>\n\t\t\t\t\t<\/span>\n\t\t\t\t\t<\/a>\n\t\t\t\t<\/div>\n\t\t\t\t\t\t\t\t<\/div>\n\t\t\t\t<\/div>\n\t\t\t\t<div class=\"elementor-element elementor-element-bb2fe40 elementor-align-left hero-btn elementor-widget elementor-widget-button\" data-id=\"bb2fe40\" data-element_type=\"widget\" data-e-type=\"widget\" data-widget_type=\"button.default\">\n\t\t\t\t<div class=\"elementor-widget-container\">\n\t\t\t\t\t\t\t\t\t<div class=\"elementor-button-wrapper\">\n\t\t\t\t\t<a class=\"elementor-button elementor-button-link elementor-size-sm\" href=\"https:\/\/new.sportsnconnect.com\/members\/events\/registration\/trials\/4qPPxVUoxCj9egAM8fghEQ\">\n\t\t\t\t\t\t<span class=\"elementor-button-content-wrapper\">\n\t\t\t\t\t\t\t\t\t<span class=\"elementor-button-text\">Inscription rando<\/span>\n\t\t\t\t\t<\/span>\n\t\t\t\t\t<\/a>\n\t\t\t\t<\/div>\n\t\t\t\t\t\t\t\t<\/div>\n\t\t\t\t<\/div>\n\t\t\t\t<\/div>\n\t\t\t\t<div class=\"elementor-element elementor-element-7d6e285 elementor-widget elementor-widget-text-editor\" data-id=\"7d6e285\" data-element_type=\"widget\" data-e-type=\"widget\" data-widget_type=\"text-editor.default\">\n\t\t\t\t<div class=\"elementor-widget-container\">\n\t\t\t\t\t\t\t\t\t<header>\n<h2 style=\"text-align: center;\">S&rsquo;inscrire au Goat Trail 2026<\/h2>\n<h4 style=\"text-align: center;\">Les inscriptions pour le Goat Trail ouvrent le 15 d\u00e9cembre 2025 !<\/h4>\n<\/header>\n<p style=\"text-align: center;\">En 2026, ce sera la cinqui\u00e8me \u00e9dition du Goat Trail : plus de&nbsp;<strong>500 participants sont attendus !<br><\/strong><strong style=\"font-size: 15px; background-color: var( --e-global-color-e36062a ); letter-spacing: 0.4px;\">Inscrivez-vous en ligne !&nbsp;<\/strong><\/p>\n<p style=\"text-align: center;\"><strong style=\"color: #333333; font-size: 18px; background-color: var( --e-global-color-e36062a ); letter-spacing: 0.4px;\">Cl\u00f4ture des inscriptions en ligne et du d\u00e9p\u00f4t des justificatifs le 17 Avril 2026 \u00e0 Minuit.<\/strong><\/p>\t\t\t\t\t\t\t\t<\/div>\n\t\t\t\t<\/div>\n\t\t\t\t<div class=\"elementor-element elementor-element-da8a643 elementor-widget elementor-widget-text-editor\" data-id=\"da8a643\" data-element_type=\"widget\" data-e-type=\"widget\" data-widget_type=\"text-editor.default\">\n\t\t\t\t<div class=\"elementor-widget-container\">\n\t\t\t\t\t\t\t\t\t<header class=\"vc_cta3-content-header\"><h2 style=\"text-align: center;\">TARIFS D\u2019INSCRIPTIONS<\/h2><\/header><table><tbody><tr><td style=\"text-align: center;\"><strong>10 Km<\/strong><\/td><td><ul><li><p>10\u20ac avant le 19 mars 2026<\/p><\/li><li><p>12\u20ac apr\u00e8s le 19 mars 2026<\/p><\/li><li><p>15\u20ac le jour de la course<\/p><\/li><\/ul><\/td><\/tr><tr><td style=\"text-align: center;\"><strong>20 Km<\/strong><\/td><td><ul><li><p>20\u20ac avant le 19 mars 2026<\/p><\/li><li><p>22\u20ac apr\u00e8s le 19 mars 2026<\/p><\/li><li><p>25\u20ac le jour de la course<\/p><\/li><\/ul><\/td><\/tr><tr><td style=\"text-align: center;\"><strong>Randonn\u00e9e<\/strong><\/td><td><ul><li>8\u20ac\u00a0<\/li><\/ul><\/td><\/tr><\/tbody><\/table><p style=\"text-align: center;\">\u00a0<\/p>\t\t\t\t\t\t\t\t<\/div>\n\t\t\t\t<\/div>\n\t\t\t\t<\/div>\n\t\t<div class=\"elementor-element elementor-element-b2c44fb e-con-full e-flex e-con e-child\" data-id=\"b2c44fb\" data-element_type=\"container\" data-e-type=\"container\" data-settings=\"{&quot;background_background&quot;:&quot;classic&quot;}\">\n\t\t\t\t<div class=\"elementor-element elementor-element-428633a elementor-widget elementor-widget-text-editor\" data-id=\"428633a\" data-element_type=\"widget\" data-e-type=\"widget\" data-widget_type=\"text-editor.default\">\n\t\t\t\t<div class=\"elementor-widget-container\">\n\t\t\t\t\t\t\t\t\t<header><h2>LICENCE FFA ET PPS<\/h2><\/header><table><tbody><tr><td colspan=\"2\">Seuls la licence FFA et le PPS sont d\u00e9sormais autoris\u00e9s pour le Goat Trail<\/td><\/tr><tr><td><strong>Licence FFA<\/strong><\/td><td><ul><li>OUI<\/li><\/ul><\/td><\/tr><tr><td><span style=\"font-variant-ligatures: normal; font-variant-caps: normal; font-family: ABeeZee; font-size: 15px; font-style: normal; font-weight: 400; letter-spacing: 0.4px;\"><span style=\"color: #222222; font-family: arial, helvetica, sans-serif;\"><span style=\"font-size: 17.3333px; letter-spacing: normal;\">PPS annuel avec num\u00e9ro unique\u00a0<br \/><\/span><\/span><\/span><span style=\"font-family: ABeeZee; font-size: 15px; font-style: normal; font-variant-ligatures: normal; font-variant-caps: normal; font-weight: 400; letter-spacing: 0.4px;\">(version 2026 uniquement)<\/span><\/td><td><ul><li>OUI\u00a0<\/li><\/ul><\/td><\/tr><tr><td><strong>Autres licences sportives<\/strong><\/td><td><ul><li>NON<\/li><\/ul><\/td><\/tr><tr><td><strong>Certificat m\u00e9dical<\/strong><\/td><td><ul><li>NON<\/li><\/ul><\/td><\/tr><\/tbody><\/table>\t\t\t\t\t\t\t\t<\/div>\n\t\t\t\t<\/div>\n\t\t\t\t<\/div>\n\t\t\t\t\t<\/div>\n\t\t\t\t<\/div>\n\t\t\t\t<\/div>\n\t\t","protected":false},"excerpt":{"rendered":"<p>Les inscriptions Inscription 10 kms Inscription 20 Kms Inscription rando S&rsquo;inscrire au Goat Trail 2026 Les inscriptions pour le Goat Trail ouvrent le 15 d\u00e9cembre 2025 ! En 2026, ce sera la cinqui\u00e8me \u00e9dition du Goat Trail : plus de&nbsp;500 participants sont attendus !Inscrivez-vous en ligne !&nbsp; Cl\u00f4ture des inscriptions en ligne et du d\u00e9p\u00f4t [&hellip;]<\/p>\n","protected":false},"author":1,"featured_media":0,"parent":0,"menu_order":0,"comment_status":"closed","ping_status":"closed","template":"","meta":{"ocean_post_layout":"","ocean_both_sidebars_style":"","ocean_both_sidebars_content_width":0,"ocean_both_sidebars_sidebars_width":0,"ocean_sidebar":"","ocean_second_sidebar":"","ocean_disable_margins":"enable","ocean_add_body_class":"","ocean_shortcode_before_top_bar":"","ocean_shortcode_after_top_bar":"","ocean_shortcode_before_header":"","ocean_shortcode_after_header":"","ocean_has_shortcode":"","ocean_shortcode_after_title":"","ocean_shortcode_before_footer_widgets":"","ocean_shortcode_after_footer_widgets":"","ocean_shortcode_before_footer_bottom":"","ocean_shortcode_after_footer_bottom":"","ocean_display_top_bar":"default","ocean_display_header":"default","ocean_header_style":"","ocean_center_header_left_menu":"","ocean_custom_header_template":"","ocean_custom_logo":0,"ocean_custom_retina_logo":0,"ocean_custom_logo_max_width":0,"ocean_custom_logo_tablet_max_width":0,"ocean_custom_logo_mobile_max_width":0,"ocean_custom_logo_max_height":0,"ocean_custom_logo_tablet_max_height":0,"ocean_custom_logo_mobile_max_height":0,"ocean_header_custom_menu":"","ocean_menu_typo_font_family":"","ocean_menu_typo_font_subset":"","ocean_menu_typo_font_size":0,"ocean_menu_typo_font_size_tablet":0,"ocean_menu_typo_font_size_mobile":0,"ocean_menu_typo_font_size_unit":"px","ocean_menu_typo_font_weight":"","ocean_menu_typo_font_weight_tablet":"","ocean_menu_typo_font_weight_mobile":"","ocean_menu_typo_transform":"","ocean_menu_typo_transform_tablet":"","ocean_menu_typo_transform_mobile":"","ocean_menu_typo_line_height":0,"ocean_menu_typo_line_height_tablet":0,"ocean_menu_typo_line_height_mobile":0,"ocean_menu_typo_line_height_unit":"","ocean_menu_typo_spacing":0,"ocean_menu_typo_spacing_tablet":0,"ocean_menu_typo_spacing_mobile":0,"ocean_menu_typo_spacing_unit":"","ocean_menu_link_color":"","ocean_menu_link_color_hover":"","ocean_menu_link_color_active":"","ocean_menu_link_background":"","ocean_menu_link_hover_background":"","ocean_menu_link_active_background":"","ocean_menu_social_links_bg":"","ocean_menu_social_hover_links_bg":"","ocean_menu_social_links_color":"","ocean_menu_social_hover_links_color":"","ocean_disable_title":"default","ocean_disable_heading":"default","ocean_post_title":"","ocean_post_subheading":"","ocean_post_title_style":"","ocean_post_title_background_color":"","ocean_post_title_background":0,"ocean_post_title_bg_image_position":"","ocean_post_title_bg_image_attachment":"","ocean_post_title_bg_image_repeat":"","ocean_post_title_bg_image_size":"","ocean_post_title_height":0,"ocean_post_title_bg_overlay":0.5,"ocean_post_title_bg_overlay_color":"","ocean_disable_breadcrumbs":"default","ocean_breadcrumbs_color":"","ocean_breadcrumbs_separator_color":"","ocean_breadcrumbs_links_color":"","ocean_breadcrumbs_links_hover_color":"","ocean_display_footer_widgets":"default","ocean_display_footer_bottom":"default","ocean_custom_footer_template":"","footnotes":""},"class_list":["post-711","page","type-page","status-publish","hentry","entry"],"_links":{"self":[{"href":"https:\/\/goattrail.fr\/index.php?rest_route=\/wp\/v2\/pages\/711","targetHints":{"allow":["GET"]}}],"collection":[{"href":"https:\/\/goattrail.fr\/index.php?rest_route=\/wp\/v2\/pages"}],"about":[{"href":"https:\/\/goattrail.fr\/index.php?rest_route=\/wp\/v2\/types\/page"}],"author":[{"embeddable":true,"href":"https:\/\/goattrail.fr\/index.php?rest_route=\/wp\/v2\/users\/1"}],"replies":[{"embeddable":true,"href":"https:\/\/goattrail.fr\/index.php?rest_route=%2Fwp%2Fv2%2Fcomments&post=711"}],"version-history":[{"count":100,"href":"https:\/\/goattrail.fr\/index.php?rest_route=\/wp\/v2\/pages\/711\/revisions"}],"predecessor-version":[{"id":1588,"href":"https:\/\/goattrail.fr\/index.php?rest_route=\/wp\/v2\/pages\/711\/revisions\/1588"}],"wp:attachment":[{"href":"https:\/\/goattrail.fr\/index.php?rest_route=%2Fwp%2Fv2%2Fmedia&parent=711"}],"curies":[{"name":"wp","href":"https:\/\/api.w.org\/{rel}","templated":true}]}}