{"id":666,"date":"2024-11-12T18:52:46","date_gmt":"2024-11-12T17:52:46","guid":{"rendered":"http:\/\/goattrail.fr\/?page_id=666"},"modified":"2026-04-12T19:22:14","modified_gmt":"2026-04-12T17:22:14","slug":"elementor-666","status":"publish","type":"page","link":"https:\/\/goattrail.fr\/?page_id=666","title":{"rendered":"Courses"},"content":{"rendered":"\t\t<div data-elementor-type=\"wp-post\" data-elementor-id=\"666\" class=\"elementor elementor-666\">\n\t\t\t\t<div class=\"elementor-element elementor-element-fb5eced e-con-full e-flex e-con e-parent\" data-id=\"fb5eced\" data-element_type=\"container\" data-e-type=\"container\" data-settings=\"{&quot;background_background&quot;:&quot;classic&quot;}\">\n\t\t\t\t<div class=\"elementor-element elementor-element-9ce9bc3 elementor-widget elementor-widget-image\" data-id=\"9ce9bc3\" data-element_type=\"widget\" data-e-type=\"widget\" data-widget_type=\"image.default\">\n\t\t\t\t<div class=\"elementor-widget-container\">\n\t\t\t\t\t\t\t\t\t\t\t\t\t\t\t<img fetchpriority=\"high\" decoding=\"async\" width=\"278\" height=\"262\" src=\"https:\/\/goattrail.fr\/wp-content\/uploads\/2024\/11\/Logo-goat-trail-final-11.png\" class=\"attachment-full size-full wp-image-10\" alt=\"\" \/>\t\t\t\t\t\t\t\t\t\t\t\t\t\t\t<\/div>\n\t\t\t\t<\/div>\n\t\t\t\t<div class=\"elementor-element elementor-element-88f8aff elementor-widget elementor-widget-heading\" data-id=\"88f8aff\" data-element_type=\"widget\" data-e-type=\"widget\" data-widget_type=\"heading.default\">\n\t\t\t\t<div class=\"elementor-widget-container\">\n\t\t\t\t\t<h2 class=\"elementor-heading-title elementor-size-default\">Les Courses<\/h2>\t\t\t\t<\/div>\n\t\t\t\t<\/div>\n\t\t\t\t<\/div>\n\t\t<div class=\"elementor-element elementor-element-8552007 e-grid e-con-boxed e-con e-parent\" data-id=\"8552007\" data-element_type=\"container\" data-e-type=\"container\">\n\t\t\t\t\t<div class=\"e-con-inner\">\n\t\t<div class=\"elementor-element elementor-element-e7b394c e-con-full e-flex e-con e-child\" data-id=\"e7b394c\" data-element_type=\"container\" data-e-type=\"container\" data-settings=\"{&quot;background_background&quot;:&quot;classic&quot;}\">\n\t\t\t\t<div class=\"elementor-element elementor-element-168fcdc elementor-widget elementor-widget-text-editor\" data-id=\"168fcdc\" data-element_type=\"widget\" data-e-type=\"widget\" data-widget_type=\"text-editor.default\">\n\t\t\t\t<div class=\"elementor-widget-container\">\n\t\t\t\t\t\t\t\t\t<p>Cette ann\u00e9e, tous les d\u00e9parts auront lieu le dimanche <strong>matin <\/strong>depuis la salle des f\u00eates de La Chapelle-Villars situ\u00e9 au pied du Mont Monnet.<\/p><p>2 courses nature sont propos\u00e9es\u00a0:<br \/>10 km (300m D+) et 20 km (800m D+), <br \/>offrant un d\u00e9fi \u00e0 la fois exigeant et captivant.<\/p><p>Le parcours du <strong>10km<\/strong> empruntera la partie en contrebas du Mont Monnet,\u00a0 pour ensuite redescendre par le hameau de la Vieille-chapelle.<br \/>Un ravitaillement sera propos\u00e9 au 6\u00e8me \u00a0kilom\u00e8tre.<\/p><p>Le parcours du <strong>20km<\/strong> inclura une mont\u00e9e au Mont Monnet, une travers\u00e9e de bois et de chemins forestiers entre le Col de Chassenoud et le col de Pavezin. <br \/>Un ravitaillement sera propos\u00e9 au 11 \u00e8me \u00a0kilom\u00e8tre.<\/p><p>Les participants traverseront pour finir <strong>le parc de l\u2019h\u00f4tel restaurant<\/strong><strong>\u00a0L\u2019Oliveraie<\/strong>, ajoutant une touche de d\u00e9couverte \u00e0 leur aventure.<\/p>\t\t\t\t\t\t\t\t<\/div>\n\t\t\t\t<\/div>\n\t\t\t\t<\/div>\n\t\t<div class=\"elementor-element elementor-element-7d1eef8 e-con-full e-flex e-con e-child\" data-id=\"7d1eef8\" data-element_type=\"container\" data-e-type=\"container\" data-settings=\"{&quot;background_background&quot;:&quot;classic&quot;}\">\n\t\t<div class=\"elementor-element elementor-element-dc50af7 e-con-full e-flex e-con e-child\" data-id=\"dc50af7\" data-element_type=\"container\" data-e-type=\"container\" data-settings=\"{&quot;background_background&quot;:&quot;classic&quot;}\">\n\t\t\t\t<div class=\"elementor-element elementor-element-ce558ed elementor-widget elementor-widget-heading\" data-id=\"ce558ed\" data-element_type=\"widget\" data-e-type=\"widget\" data-widget_type=\"heading.default\">\n\t\t\t\t<div class=\"elementor-widget-container\">\n\t\t\t\t\t<h2 class=\"elementor-heading-title elementor-size-default\">Course Nature de 10 Km<\/h2>\t\t\t\t<\/div>\n\t\t\t\t<\/div>\n\t\t\t\t<div class=\"elementor-element elementor-element-2aae147 elementor-widget elementor-widget-text-editor\" data-id=\"2aae147\" data-element_type=\"widget\" data-e-type=\"widget\" data-widget_type=\"text-editor.default\">\n\t\t\t\t<div class=\"elementor-widget-container\">\n\t\t\t\t\t\t\t\t\t<p>D\u00e9nivel\u00e9: 300m D+<br \/><span style=\"font-size: 15px; text-align: var(--text-align); letter-spacing: 0.4px;\">Heure de d\u00e9part: 9h<\/span><\/p><p><span style=\"font-size: 15px; text-align: var(--text-align); letter-spacing: 0.4px;\">Ravitaillement au 6eme\u00a0 km.<br \/><\/span><span style=\"font-size: 15px; text-align: var(--text-align); letter-spacing: 0.4px;\">Les participants doivent \u00eatre n\u00e9s <\/span><span style=\"font-size: 15px; text-align: var(--text-align); letter-spacing: 0.4px;\">avant le 31\/12\/2006 pour le trail de 20km.<\/span><\/p><p>Pas d&rsquo;inscriptions sur place.<\/p>\t\t\t\t\t\t\t\t<\/div>\n\t\t\t\t<\/div>\n\t\t\t\t<div class=\"elementor-element elementor-element-e3c07e0 elementor-widget elementor-widget-image\" data-id=\"e3c07e0\" data-element_type=\"widget\" data-e-type=\"widget\" data-widget_type=\"image.default\">\n\t\t\t\t<div class=\"elementor-widget-container\">\n\t\t\t\t\t\t\t\t\t\t\t\t\t\t\t<img decoding=\"async\" width=\"1024\" height=\"273\" src=\"https:\/\/goattrail.fr\/wp-content\/uploads\/2025\/12\/1-GOAT-TRAIL-10KM-bis-1024x273.png\" class=\"attachment-large size-large wp-image-1550\" alt=\"\" srcset=\"https:\/\/goattrail.fr\/wp-content\/uploads\/2025\/12\/1-GOAT-TRAIL-10KM-bis-1024x273.png 1024w, https:\/\/goattrail.fr\/wp-content\/uploads\/2025\/12\/1-GOAT-TRAIL-10KM-bis-300x80.png 300w, https:\/\/goattrail.fr\/wp-content\/uploads\/2025\/12\/1-GOAT-TRAIL-10KM-bis-768x205.png 768w, https:\/\/goattrail.fr\/wp-content\/uploads\/2025\/12\/1-GOAT-TRAIL-10KM-bis-1536x410.png 1536w, https:\/\/goattrail.fr\/wp-content\/uploads\/2025\/12\/1-GOAT-TRAIL-10KM-bis-2048x546.png 2048w\" sizes=\"(max-width: 1024px) 100vw, 1024px\" \/>\t\t\t\t\t\t\t\t\t\t\t\t\t\t\t<\/div>\n\t\t\t\t<\/div>\n\t\t\t\t<div class=\"elementor-element elementor-element-bd3907b elementor-align-center hero-btn elementor-widget elementor-widget-button\" data-id=\"bd3907b\" data-element_type=\"widget\" data-e-type=\"widget\" data-widget_type=\"button.default\">\n\t\t\t\t<div class=\"elementor-widget-container\">\n\t\t\t\t\t\t\t\t\t<div class=\"elementor-button-wrapper\">\n\t\t\t\t\t<a class=\"elementor-button elementor-button-link elementor-size-sm\" href=\"https:\/\/new.sportsnconnect.com\/members\/events\/registration\/trials\/4qPPxVUoxCj9egAM8fghEQ\" target=\"_blank\">\n\t\t\t\t\t\t<span class=\"elementor-button-content-wrapper\">\n\t\t\t\t\t\t\t\t\t<span class=\"elementor-button-text\">Inscription 10 kms <\/span>\n\t\t\t\t\t<\/span>\n\t\t\t\t\t<\/a>\n\t\t\t\t<\/div>\n\t\t\t\t\t\t\t\t<\/div>\n\t\t\t\t<\/div>\n\t\t\t\t<\/div>\n\t\t<div class=\"elementor-element elementor-element-51afd73 e-flex e-con-boxed e-con e-child\" data-id=\"51afd73\" data-element_type=\"container\" data-e-type=\"container\" data-settings=\"{&quot;background_background&quot;:&quot;classic&quot;}\">\n\t\t\t\t\t<div class=\"e-con-inner\">\n\t\t\t\t<div class=\"elementor-element elementor-element-c826c2f elementor-widget elementor-widget-heading\" data-id=\"c826c2f\" data-element_type=\"widget\" data-e-type=\"widget\" data-widget_type=\"heading.default\">\n\t\t\t\t<div class=\"elementor-widget-container\">\n\t\t\t\t\t<h2 class=\"elementor-heading-title elementor-size-default\">Trail de 20 Km<\/h2>\t\t\t\t<\/div>\n\t\t\t\t<\/div>\n\t\t\t\t<div class=\"elementor-element elementor-element-cd55a6a elementor-widget elementor-widget-text-editor\" data-id=\"cd55a6a\" data-element_type=\"widget\" data-e-type=\"widget\" data-widget_type=\"text-editor.default\">\n\t\t\t\t<div class=\"elementor-widget-container\">\n\t\t\t\t\t\t\t\t\t<p>D\u00e9nivel\u00e9: 800m D+<br \/><span style=\"font-size: 15px; text-align: var(--text-align); letter-spacing: 0.4px;\">Heure de d\u00e9part: 8h30<\/span><\/p><p><span style=\"font-size: 15px; text-align: var(--text-align); letter-spacing: 0.4px;\">Ravitaillement au 11eme Km.<br \/>Les participants doivent \u00eatre n\u00e9s avant le 31\/12\/2010 pour le trail de 10 km.<br \/><\/span><\/p><p>Pas d&rsquo;inscriptions sur place.<\/p>\t\t\t\t\t\t\t\t<\/div>\n\t\t\t\t<\/div>\n\t\t\t\t<div class=\"elementor-element elementor-element-44c12a8 elementor-widget elementor-widget-image\" data-id=\"44c12a8\" data-element_type=\"widget\" data-e-type=\"widget\" data-widget_type=\"image.default\">\n\t\t\t\t<div class=\"elementor-widget-container\">\n\t\t\t\t\t\t\t\t\t\t\t\t\t\t\t<img decoding=\"async\" width=\"1024\" height=\"273\" src=\"https:\/\/goattrail.fr\/wp-content\/uploads\/2025\/12\/1-GOAT-TRAIL-20KM-1024x273.png\" class=\"attachment-large size-large wp-image-1551\" alt=\"\" srcset=\"https:\/\/goattrail.fr\/wp-content\/uploads\/2025\/12\/1-GOAT-TRAIL-20KM-1024x273.png 1024w, https:\/\/goattrail.fr\/wp-content\/uploads\/2025\/12\/1-GOAT-TRAIL-20KM-300x80.png 300w, https:\/\/goattrail.fr\/wp-content\/uploads\/2025\/12\/1-GOAT-TRAIL-20KM-768x205.png 768w, https:\/\/goattrail.fr\/wp-content\/uploads\/2025\/12\/1-GOAT-TRAIL-20KM-1536x410.png 1536w, https:\/\/goattrail.fr\/wp-content\/uploads\/2025\/12\/1-GOAT-TRAIL-20KM-2048x546.png 2048w\" sizes=\"(max-width: 1024px) 100vw, 1024px\" \/>\t\t\t\t\t\t\t\t\t\t\t\t\t\t\t<\/div>\n\t\t\t\t<\/div>\n\t\t\t\t<div class=\"elementor-element elementor-element-dee5305 elementor-align-center hero-btn elementor-widget elementor-widget-button\" data-id=\"dee5305\" data-element_type=\"widget\" data-e-type=\"widget\" data-widget_type=\"button.default\">\n\t\t\t\t<div class=\"elementor-widget-container\">\n\t\t\t\t\t\t\t\t\t<div class=\"elementor-button-wrapper\">\n\t\t\t\t\t<a class=\"elementor-button elementor-button-link elementor-size-sm\" href=\"https:\/\/new.sportsnconnect.com\/members\/events\/registration\/trials\/4qPPxVUoxCj9egAM8fghEQ\" target=\"_blank\">\n\t\t\t\t\t\t<span class=\"elementor-button-content-wrapper\">\n\t\t\t\t\t\t\t\t\t<span class=\"elementor-button-text\">Inscription 20 kms<\/span>\n\t\t\t\t\t<\/span>\n\t\t\t\t\t<\/a>\n\t\t\t\t<\/div>\n\t\t\t\t\t\t\t\t<\/div>\n\t\t\t\t<\/div>\n\t\t\t\t\t<\/div>\n\t\t\t\t<\/div>\n\t\t\t\t<\/div>\n\t\t<div class=\"elementor-element elementor-element-e58675d e-con-full e-flex e-con e-child\" data-id=\"e58675d\" data-element_type=\"container\" data-e-type=\"container\" data-settings=\"{&quot;background_background&quot;:&quot;classic&quot;}\">\n\t\t\t\t<div class=\"elementor-element elementor-element-d9557af elementor-widget elementor-widget-text-editor\" data-id=\"d9557af\" data-element_type=\"widget\" data-e-type=\"widget\" data-widget_type=\"text-editor.default\">\n\t\t\t\t<div class=\"elementor-widget-container\">\n\t\t\t\t\t\t\t\t\t<p>Pour que les plus jeunes puissent aussi profiter de la f\u00eate, des courses enfants sont organis\u00e9es.<\/p>\n<p style=\"text-align: left;\">Les participants doivent avoir :<\/p>\n<p style=\"text-align: left; padding-left: 40px;\">\u2022 De 4 \u00e0 5 ans pour la course enfant de 400 m ;<br>\u2022 De 6 \u00e0 7 ans pour la course enfant de 600 m ;<br>\u2022 De 8 \u00e0 10 ans pour la course enfant de 800 m ;<\/p>\n<p style=\"text-align: left;\">Les courses enfants sont gratuites. L&rsquo;inscription se fait sur place \u00e0 partir de 9h30 jusqu&rsquo;a 11h.<br>Avec une petite r\u00e9compense \u00e0 chaque participant.<\/p>\n<p>Les d\u00e9parts des courses seront \u00e0 partir de 11h.<\/p>\t\t\t\t\t\t\t\t<\/div>\n\t\t\t\t<\/div>\n\t\t\t\t<\/div>\n\t\t\t\t\t<\/div>\n\t\t\t\t<\/div>\n\t\t\t\t<\/div>\n\t\t","protected":false},"excerpt":{"rendered":"<p>Les Courses Cette ann\u00e9e, tous les d\u00e9parts auront lieu le dimanche matin depuis la salle des f\u00eates de La Chapelle-Villars situ\u00e9 au pied du Mont Monnet. 2 courses nature sont propos\u00e9es\u00a0:10 km (300m D+) et 20 km (800m D+), offrant un d\u00e9fi \u00e0 la fois exigeant et captivant. Le parcours du 10km empruntera la partie [&hellip;]<\/p>\n","protected":false},"author":1,"featured_media":0,"parent":0,"menu_order":0,"comment_status":"closed","ping_status":"closed","template":"","meta":{"ocean_post_layout":"","ocean_both_sidebars_style":"","ocean_both_sidebars_content_width":0,"ocean_both_sidebars_sidebars_width":0,"ocean_sidebar":"","ocean_second_sidebar":"","ocean_disable_margins":"enable","ocean_add_body_class":"","ocean_shortcode_before_top_bar":"","ocean_shortcode_after_top_bar":"","ocean_shortcode_before_header":"","ocean_shortcode_after_header":"","ocean_has_shortcode":"","ocean_shortcode_after_title":"","ocean_shortcode_before_footer_widgets":"","ocean_shortcode_after_footer_widgets":"","ocean_shortcode_before_footer_bottom":"","ocean_shortcode_after_footer_bottom":"","ocean_display_top_bar":"default","ocean_display_header":"default","ocean_header_style":"","ocean_center_header_left_menu":"","ocean_custom_header_template":"","ocean_custom_logo":0,"ocean_custom_retina_logo":0,"ocean_custom_logo_max_width":0,"ocean_custom_logo_tablet_max_width":0,"ocean_custom_logo_mobile_max_width":0,"ocean_custom_logo_max_height":0,"ocean_custom_logo_tablet_max_height":0,"ocean_custom_logo_mobile_max_height":0,"ocean_header_custom_menu":"","ocean_menu_typo_font_family":"","ocean_menu_typo_font_subset":"","ocean_menu_typo_font_size":0,"ocean_menu_typo_font_size_tablet":0,"ocean_menu_typo_font_size_mobile":0,"ocean_menu_typo_font_size_unit":"px","ocean_menu_typo_font_weight":"","ocean_menu_typo_font_weight_tablet":"","ocean_menu_typo_font_weight_mobile":"","ocean_menu_typo_transform":"","ocean_menu_typo_transform_tablet":"","ocean_menu_typo_transform_mobile":"","ocean_menu_typo_line_height":0,"ocean_menu_typo_line_height_tablet":0,"ocean_menu_typo_line_height_mobile":0,"ocean_menu_typo_line_height_unit":"","ocean_menu_typo_spacing":0,"ocean_menu_typo_spacing_tablet":0,"ocean_menu_typo_spacing_mobile":0,"ocean_menu_typo_spacing_unit":"","ocean_menu_link_color":"","ocean_menu_link_color_hover":"","ocean_menu_link_color_active":"","ocean_menu_link_background":"","ocean_menu_link_hover_background":"","ocean_menu_link_active_background":"","ocean_menu_social_links_bg":"","ocean_menu_social_hover_links_bg":"","ocean_menu_social_links_color":"","ocean_menu_social_hover_links_color":"","ocean_disable_title":"default","ocean_disable_heading":"default","ocean_post_title":"","ocean_post_subheading":"","ocean_post_title_style":"","ocean_post_title_background_color":"","ocean_post_title_background":0,"ocean_post_title_bg_image_position":"","ocean_post_title_bg_image_attachment":"","ocean_post_title_bg_image_repeat":"","ocean_post_title_bg_image_size":"","ocean_post_title_height":0,"ocean_post_title_bg_overlay":0.5,"ocean_post_title_bg_overlay_color":"","ocean_disable_breadcrumbs":"default","ocean_breadcrumbs_color":"","ocean_breadcrumbs_separator_color":"","ocean_breadcrumbs_links_color":"","ocean_breadcrumbs_links_hover_color":"","ocean_display_footer_widgets":"default","ocean_display_footer_bottom":"default","ocean_custom_footer_template":"","footnotes":""},"class_list":["post-666","page","type-page","status-publish","hentry","entry"],"_links":{"self":[{"href":"https:\/\/goattrail.fr\/index.php?rest_route=\/wp\/v2\/pages\/666","targetHints":{"allow":["GET"]}}],"collection":[{"href":"https:\/\/goattrail.fr\/index.php?rest_route=\/wp\/v2\/pages"}],"about":[{"href":"https:\/\/goattrail.fr\/index.php?rest_route=\/wp\/v2\/types\/page"}],"author":[{"embeddable":true,"href":"https:\/\/goattrail.fr\/index.php?rest_route=\/wp\/v2\/users\/1"}],"replies":[{"embeddable":true,"href":"https:\/\/goattrail.fr\/index.php?rest_route=%2Fwp%2Fv2%2Fcomments&post=666"}],"version-history":[{"count":134,"href":"https:\/\/goattrail.fr\/index.php?rest_route=\/wp\/v2\/pages\/666\/revisions"}],"predecessor-version":[{"id":1610,"href":"https:\/\/goattrail.fr\/index.php?rest_route=\/wp\/v2\/pages\/666\/revisions\/1610"}],"wp:attachment":[{"href":"https:\/\/goattrail.fr\/index.php?rest_route=%2Fwp%2Fv2%2Fmedia&parent=666"}],"curies":[{"name":"wp","href":"https:\/\/api.w.org\/{rel}","templated":true}]}}